{"id":1525,"date":"2019-06-06T19:27:06","date_gmt":"2019-06-06T19:27:06","guid":{"rendered":"https:\/\/ciam-fsm.flywheelsites.com\/?page_id=1525"},"modified":"2025-03-25T16:45:06","modified_gmt":"2025-03-25T20:45:06","slug":"our-consultation-process","status":"publish","type":"page","link":"https:\/\/carburantaeroportuairemontreal.com\/en\/public-consultation\/our-consultation-process\/","title":{"rendered":"OUR CONSULTATION PROCESS"},"content":{"rendered":"\n<style type=\"text\/css\" data-created_by=\"avia_inline_auto\" id=\"style-css-av-7kfk5x-62bac78d19a45233240a4aeba74b90c7\">\n.avia-section.av-7kfk5x-62bac78d19a45233240a4aeba74b90c7 .av-parallax .av-parallax-inner{\nbackground-repeat:no-repeat;\nbackground-image:url(https:\/\/carburantaeroportuairemontreal.com\/wp-content\/uploads\/2014\/11\/headerbar-PublicConsultation2.jpg);\nbackground-position:50% 50%;\nbackground-attachment:scroll;\n}\n<\/style>\n<div id='av_section_1'  class='avia-section av-7kfk5x-62bac78d19a45233240a4aeba74b90c7 main_color avia-section-default avia-no-shadow  avia-builder-el-0  el_before_av_textblock  avia-builder-el-first  av-parallax-section avia-bg-style-parallax av-minimum-height av-minimum-height-custom av-height-custom  container_wrap sidebar_right'  data-section-bg-repeat='no-repeat' data-av_minimum_height_px='100'><div class='av-parallax' data-avia-parallax-ratio='0.3' ><div class='av-parallax-inner main_color avia-full-stretch'><\/div><\/div><div class='container av-section-cont-open' style='height:100px'><main  role=\"main\" itemprop=\"mainContentOfPage\"  class='template-page content  av-content-small alpha units'><div class='post-entry post-entry-type-page post-entry-1525'><div class='entry-content-wrapper clearfix'>\n\n<style type=\"text\/css\" data-created_by=\"avia_inline_auto\" id=\"style-css-av-6dga05-d8a8dc62f07304526b59b729d19529c7\">\n#top .av-special-heading.av-6dga05-d8a8dc62f07304526b59b729d19529c7{\npadding-bottom:0;\ncolor:#ffffff;\nfont-size:37px;\n}\nbody .av-special-heading.av-6dga05-d8a8dc62f07304526b59b729d19529c7 .av-special-heading-tag .heading-char{\nfont-size:25px;\n}\n#top #wrap_all .av-special-heading.av-6dga05-d8a8dc62f07304526b59b729d19529c7 .av-special-heading-tag{\nfont-size:37px;\n}\n.av-special-heading.av-6dga05-d8a8dc62f07304526b59b729d19529c7 .special-heading-inner-border{\nborder-color:#ffffff;\n}\n.av-special-heading.av-6dga05-d8a8dc62f07304526b59b729d19529c7 .av-subheading{\nfont-size:15px;\n}\n\n@media only screen and (min-width: 480px) and (max-width: 767px){ \n#top #wrap_all .av-special-heading.av-6dga05-d8a8dc62f07304526b59b729d19529c7 .av-special-heading-tag{\nfont-size:0.8em;\n}\n}\n\n@media only screen and (max-width: 479px){ \n#top #wrap_all .av-special-heading.av-6dga05-d8a8dc62f07304526b59b729d19529c7 .av-special-heading-tag{\nfont-size:0.8em;\n}\n}\n<\/style>\n<div  class='av-special-heading av-6dga05-d8a8dc62f07304526b59b729d19529c7 av-special-heading-h1 custom-color-heading blockquote modern-quote  avia-builder-el-1  avia-builder-el-no-sibling  av-inherit-size'><h1 class='av-special-heading-tag'  itemprop=\"headline\"  >OUR CONSULTATION PROCESS<\/h1><div class=\"special-heading-border\"><div class=\"special-heading-inner-border\"><\/div><\/div><\/div>\n<\/div><\/div><\/main><!-- close content main element --><\/div><\/div><div id='after_section_1'  class='main_color av_default_container_wrap container_wrap sidebar_right'  ><div class='container av-section-cont-open' ><div class='template-page content  av-content-small alpha units'><div class='post-entry post-entry-type-page post-entry-1525'><div class='entry-content-wrapper clearfix'>\n\n<style type=\"text\/css\" data-created_by=\"avia_inline_auto\" id=\"style-css-av-4fscid-5593293665c7a61ee688bd509a1c1d66\">\n#top .av_textblock_section.av-4fscid-5593293665c7a61ee688bd509a1c1d66 .avia_textblock{\nfont-size:14px;\n}\n<\/style>\n<section  class='av_textblock_section av-4fscid-5593293665c7a61ee688bd509a1c1d66 '   itemscope=\"itemscope\" itemtype=\"https:\/\/schema.org\/CreativeWork\" ><div class='avia_textblock'  itemprop=\"text\" ><section  class='av_textblock_section av-ayeph-10b14ffa19c444610343a76fe5efcb59 '   itemscope=\"itemscope\" itemtype=\"https:\/\/schema.org\/CreativeWork\" ><div class='avia_textblock'  itemprop=\"text\" ><\/div><\/section>\n<p>Since the beginning of the project, we have been committed to transparency and collaboration with the authorities that may be concerned by the project.<\/p>\n<h4 class=\"p1\"><span class=\"s1\">A structured information and consultation process<\/span><\/h4>\n<p>MIFFC has undertaken a structured information and consultation process with its stakeholders, resulting in positive feedback:<\/p>\n<ul>\n<li>Two open house sessions<\/li>\n<li>More than 25 meetings with stakeholders<\/li>\n<li>Participation in the public consultation process of the Communaut\u00e9 m\u00e9tropolitaine de Montr\u00e9al (CMM)<\/li>\n<li>MIFFC responded positively to the 11 recommendations in the CMM consultation report that were related to MIFFC and the project<\/li>\n<li>The BAPE public hearing process was initiated by MIFFC in recognition of the interest shown by the various stakeholders during the information and consultation meetings.<\/li>\n<\/ul>\n<h4>Next steps in our consultation process<\/h4>\n<p class=\"p1\">To ensure that all stakeholders involved are kept informed of the latest updates on the construction and progress of the project, CIAM has established a liaison committee. Two meetings per year are planned during the construction phase, and one meeting per year once the project is operational.<\/p>\n<\/div><\/section>\n","protected":false},"excerpt":{"rendered":"","protected":false},"author":1,"featured_media":0,"parent":445,"menu_order":0,"comment_status":"closed","ping_status":"closed","template":"","meta":{"footnotes":""},"class_list":["post-1525","page","type-page","status-publish","hentry"],"_links":{"self":[{"href":"https:\/\/carburantaeroportuairemontreal.com\/en\/wp-json\/wp\/v2\/pages\/1525","targetHints":{"allow":["GET"]}}],"collection":[{"href":"https:\/\/carburantaeroportuairemontreal.com\/en\/wp-json\/wp\/v2\/pages"}],"about":[{"href":"https:\/\/carburantaeroportuairemontreal.com\/en\/wp-json\/wp\/v2\/types\/page"}],"author":[{"embeddable":true,"href":"https:\/\/carburantaeroportuairemontreal.com\/en\/wp-json\/wp\/v2\/users\/1"}],"replies":[{"embeddable":true,"href":"https:\/\/carburantaeroportuairemontreal.com\/en\/wp-json\/wp\/v2\/comments?post=1525"}],"version-history":[{"count":9,"href":"https:\/\/carburantaeroportuairemontreal.com\/en\/wp-json\/wp\/v2\/pages\/1525\/revisions"}],"predecessor-version":[{"id":2077,"href":"https:\/\/carburantaeroportuairemontreal.com\/en\/wp-json\/wp\/v2\/pages\/1525\/revisions\/2077"}],"up":[{"embeddable":true,"href":"https:\/\/carburantaeroportuairemontreal.com\/en\/wp-json\/wp\/v2\/pages\/445"}],"wp:attachment":[{"href":"https:\/\/carburantaeroportuairemontreal.com\/en\/wp-json\/wp\/v2\/media?parent=1525"}],"curies":[{"name":"wp","href":"https:\/\/api.w.org\/{rel}","templated":true}]}}